{"id":11,"date":"2025-11-27T15:16:40","date_gmt":"2025-11-27T15:16:40","guid":{"rendered":"https:\/\/importacao.jpedromarques.com.br\/minha-conta\/"},"modified":"2025-11-28T20:12:35","modified_gmt":"2025-11-28T20:12:35","slug":"minha-conta","status":"publish","type":"page","link":"https:\/\/teamgarin.com\/store\/minha-conta\/","title":{"rendered":"Minha conta"},"content":{"rendered":"\t\t<div data-elementor-type=\"wp-page\" data-elementor-id=\"11\" class=\"elementor elementor-11\" data-elementor-post-type=\"page\">\n\t\t\t\t<div class=\"elementor-element elementor-element-2e25123 e-con-full e-flex e-con e-parent\" data-id=\"2e25123\" data-element_type=\"container\" data-e-type=\"container\">\n\t\t\t\t<div class=\"elementor-element elementor-element-c353f69 e-my-account-tabs-horizontal elementor-widget__width-initial elementor-widget elementor-widget-woocommerce-my-account\" data-id=\"c353f69\" data-element_type=\"widget\" data-e-type=\"widget\" data-widget_type=\"woocommerce-my-account.default\">\n\t\t\t\t\t<div class=\"e-my-account-tab e-my-account-tab__ \">\t\t\t<div class=\"woocommerce\"><\/div>\t\t<\/div>\n\t\t\t\t\t\t<\/div>\n\t\t\t\t<\/div>\n\t\t\t\t<\/div>\n\t\t","protected":false},"excerpt":{"rendered":"<p>Painel Pedidos Download Endere\u00e7os Detalhes da conta Sair Painel Pedidos Download Endere\u00e7os Detalhes da conta Sair Ol\u00e1, 1MP0RT4C40_JP_JG (n\u00e3o \u00e9 1MP0RT4C40_JP_JG? Sair) A partir do painel de controle de sua conta, voc\u00ea pode ver suas compras recentes, gerenciar seus endere\u00e7os de entrega e cobran\u00e7a, e editar sua senha e detalhes da conta.<\/p>\n","protected":false},"author":7,"featured_media":0,"parent":0,"menu_order":0,"comment_status":"closed","ping_status":"closed","template":"","meta":{"footnotes":""},"class_list":["post-11","page","type-page","status-publish","hentry"],"_links":{"self":[{"href":"https:\/\/teamgarin.com\/store\/wp-json\/wp\/v2\/pages\/11","targetHints":{"allow":["GET"]}}],"collection":[{"href":"https:\/\/teamgarin.com\/store\/wp-json\/wp\/v2\/pages"}],"about":[{"href":"https:\/\/teamgarin.com\/store\/wp-json\/wp\/v2\/types\/page"}],"author":[{"embeddable":true,"href":"https:\/\/teamgarin.com\/store\/wp-json\/wp\/v2\/users\/7"}],"replies":[{"embeddable":true,"href":"https:\/\/teamgarin.com\/store\/wp-json\/wp\/v2\/comments?post=11"}],"version-history":[{"count":0,"href":"https:\/\/teamgarin.com\/store\/wp-json\/wp\/v2\/pages\/11\/revisions"}],"wp:attachment":[{"href":"https:\/\/teamgarin.com\/store\/wp-json\/wp\/v2\/media?parent=11"}],"curies":[{"name":"wp","href":"https:\/\/api.w.org\/{rel}","templated":true}]}}