{"id":491,"date":"2025-12-02T03:59:02","date_gmt":"2025-12-02T03:59:02","guid":{"rendered":"https:\/\/importacao.jpedromarques.com.br\/?post_type=product&#038;p=491"},"modified":"2026-04-01T15:23:48","modified_gmt":"2026-04-01T15:23:48","slug":"9-camiseta-team-garin","status":"publish","type":"product","link":"https:\/\/teamgarin.com\/store\/produto\/9-camiseta-team-garin\/","title":{"rendered":"Camiseta Tartaruga | Preta | Team Garin"},"content":{"rendered":"<p>A pe\u00e7a que traduz o <b>foco e a clareza<\/b> do seu acompanhamento.<\/p>\n<p>&nbsp;<\/p>\n<h3><strong>Medidas<\/strong><\/h3>\n<p data-path-to-node=\"6\">Nossas camisetas buscam uma modelagem com caimento que evidencia o shape, aliando conforto e qualidade.<br \/>\n\u200e \u200e \u200e \u200e \u200e<\/p>\n<table data-path-to-node=\"7\">\n<thead>\n<tr>\n<td><strong>TAMANHO*<\/strong><\/td>\n<td><strong>LARGURA*<\/strong><\/td>\n<td><strong>ALTURA*<\/strong><\/td>\n<\/tr>\n<\/thead>\n<tbody>\n<tr>\n<td><span data-path-to-node=\"7,1,0,0\"><b data-path-to-node=\"7,1,0,0\" data-index-in-node=\"0\">PP<\/b><\/span><\/td>\n<td><span data-path-to-node=\"7,1,1,0\">53 cm<\/span><\/td>\n<td><span data-path-to-node=\"7,1,2,0\">74 cm<\/span><\/td>\n<\/tr>\n<tr>\n<td><span data-path-to-node=\"7,2,0,0\"><b data-path-to-node=\"7,2,0,0\" data-index-in-node=\"0\">P<\/b><\/span><\/td>\n<td><span data-path-to-node=\"7,2,1,0\">56 cm<\/span><\/td>\n<td><span data-path-to-node=\"7,2,2,0\">76 cm<\/span><\/td>\n<\/tr>\n<tr>\n<td><span data-path-to-node=\"7,3,0,0\"><b data-path-to-node=\"7,3,0,0\" data-index-in-node=\"0\">M<\/b><\/span><\/td>\n<td><span data-path-to-node=\"7,3,1,0\">59 cm<\/span><\/td>\n<td><span data-path-to-node=\"7,3,2,0\">78 cm<\/span><\/td>\n<\/tr>\n<tr>\n<td><span data-path-to-node=\"7,4,0,0\"><b data-path-to-node=\"7,4,0,0\" data-index-in-node=\"0\">G<\/b><\/span><\/td>\n<td><span data-path-to-node=\"7,4,1,0\">62 cm<\/span><\/td>\n<td><span data-path-to-node=\"7,4,2,0\">80 cm<\/span><\/td>\n<\/tr>\n<tr>\n<td><span data-path-to-node=\"7,5,0,0\"><b data-path-to-node=\"7,5,0,0\" data-index-in-node=\"0\">GG<\/b><\/span><\/td>\n<td><span data-path-to-node=\"7,5,1,0\">65 cm<\/span><\/td>\n<td><span data-path-to-node=\"7,5,2,0\">82 cm<\/span><\/td>\n<\/tr>\n<tr>\n<td><span data-path-to-node=\"7,6,0,0\"><b data-path-to-node=\"7,6,0,0\" data-index-in-node=\"0\">G3<\/b><\/span><\/td>\n<td><span data-path-to-node=\"7,6,1,0\">68 cm<\/span><\/td>\n<td><span data-path-to-node=\"7,6,2,0\">84 cm<\/span><\/td>\n<\/tr>\n<tr>\n<td><span data-path-to-node=\"7,7,0,0\"><b data-path-to-node=\"7,7,0,0\" data-index-in-node=\"0\">G4<\/b><\/span><\/td>\n<td><span data-path-to-node=\"7,7,1,0\">71 cm<\/span><\/td>\n<td><span data-path-to-node=\"7,7,2,0\">86 cm<\/span><\/td>\n<\/tr>\n<\/tbody>\n<\/table>\n<p>&nbsp;<\/p>\n<h3><strong>Tecido<\/strong><\/h3>\n<p>Confeccionada em <b>100% Algod\u00e3o Eg\u00edpcio<\/b>, esta camiseta alia o conforto premium \u00e0 est\u00e9tica <b>minimalista e <i>clean<\/i><\/b> que combina com qualquer rotina.<\/p>\n<p>&nbsp;<\/p>\n","protected":false},"excerpt":{"rendered":"<p>Confeccionada em <b>100% Algod\u00e3o Eg\u00edpcio<\/b> para m\u00e1ximo conforto, esta camiseta \u00e9 um lembrete visual de que <b>&#8220;1% tamb\u00e9m \u00e9 progresso&#8221;<\/b>. A tartaruga representa a <b>persist\u00eancia<\/b> e o sucesso alcan\u00e7ado pelo m\u00e9todo que funciona na pr\u00e1tica, combatendo os resultados gen\u00e9ricos.<\/p>\n","protected":false},"featured_media":636,"template":"","meta":[],"product_brand":[],"product_cat":[17],"product_tag":[26,27,28,29],"class_list":{"0":"post-491","1":"product","2":"type-product","3":"status-publish","4":"has-post-thumbnail","6":"product_cat-camisetas","7":"product_tag-camisa","8":"product_tag-camiseta","9":"product_tag-shirt","10":"product_tag-team-garin","12":"first","13":"instock","14":"shipping-taxable","15":"purchasable","16":"product-type-variable"},"_links":{"self":[{"href":"https:\/\/teamgarin.com\/store\/wp-json\/wp\/v2\/product\/491","targetHints":{"allow":["GET"]}}],"collection":[{"href":"https:\/\/teamgarin.com\/store\/wp-json\/wp\/v2\/product"}],"about":[{"href":"https:\/\/teamgarin.com\/store\/wp-json\/wp\/v2\/types\/product"}],"wp:featuredmedia":[{"embeddable":true,"href":"https:\/\/teamgarin.com\/store\/wp-json\/wp\/v2\/media\/636"}],"wp:attachment":[{"href":"https:\/\/teamgarin.com\/store\/wp-json\/wp\/v2\/media?parent=491"}],"wp:term":[{"taxonomy":"product_brand","embeddable":true,"href":"https:\/\/teamgarin.com\/store\/wp-json\/wp\/v2\/product_brand?post=491"},{"taxonomy":"product_cat","embeddable":true,"href":"https:\/\/teamgarin.com\/store\/wp-json\/wp\/v2\/product_cat?post=491"},{"taxonomy":"product_tag","embeddable":true,"href":"https:\/\/teamgarin.com\/store\/wp-json\/wp\/v2\/product_tag?post=491"}],"curies":[{"name":"wp","href":"https:\/\/api.w.org\/{rel}","templated":true}]}}