{"id":653,"date":"2026-01-14T14:40:25","date_gmt":"2026-01-14T14:40:25","guid":{"rendered":"https:\/\/teamgarin.com\/store\/?post_type=product&#038;p=653"},"modified":"2026-03-31T20:24:57","modified_gmt":"2026-03-31T20:24:57","slug":"regata-team-garin-preta","status":"publish","type":"product","link":"https:\/\/teamgarin.com\/store\/produto\/regata-team-garin-preta\/","title":{"rendered":"Regata Team Garin | Preta"},"content":{"rendered":"<h3 data-path-to-node=\"2\">Medidas Regata Basqueteiras<\/h3>\n<table data-path-to-node=\"3\">\n<thead>\n<tr>\n<td><strong>TAMANHO<\/strong><\/td>\n<td><strong>LARGURA*<\/strong><\/td>\n<td><strong>ALTURA*<\/strong><\/td>\n<\/tr>\n<\/thead>\n<tbody>\n<tr>\n<td><span data-path-to-node=\"3,1,0,0\"><b data-path-to-node=\"3,1,0,0\" data-index-in-node=\"0\">P<\/b><\/span><\/td>\n<td><span data-path-to-node=\"3,1,1,0\">48,5 cm<\/span><\/td>\n<td><span data-path-to-node=\"3,1,2,0\">78,5 cm<\/span><\/td>\n<\/tr>\n<tr>\n<td><span data-path-to-node=\"3,2,0,0\"><b data-path-to-node=\"3,2,0,0\" data-index-in-node=\"0\">M<\/b><\/span><\/td>\n<td><span data-path-to-node=\"3,2,1,0\">52 cm<\/span><\/td>\n<td><span data-path-to-node=\"3,2,2,0\">80 cm<\/span><\/td>\n<\/tr>\n<tr>\n<td><span data-path-to-node=\"3,3,0,0\"><b data-path-to-node=\"3,3,0,0\" data-index-in-node=\"0\">G<\/b><\/span><\/td>\n<td><span data-path-to-node=\"3,3,1,0\">55 cm<\/span><\/td>\n<td><span data-path-to-node=\"3,3,2,0\">81 cm<\/span><\/td>\n<\/tr>\n<tr>\n<td><span data-path-to-node=\"3,4,0,0\"><b data-path-to-node=\"3,4,0,0\" data-index-in-node=\"0\">GG<\/b><\/span><\/td>\n<td><span data-path-to-node=\"3,4,1,0\">57,5 cm<\/span><\/td>\n<td><span data-path-to-node=\"3,4,2,0\">82,5 cm<\/span><\/td>\n<\/tr>\n<tr>\n<td><span data-path-to-node=\"3,5,0,0\"><b data-path-to-node=\"3,5,0,0\" data-index-in-node=\"0\">EG<\/b><\/span><\/td>\n<td><span data-path-to-node=\"3,5,1,0\">59 cm<\/span><\/td>\n<td><span data-path-to-node=\"3,5,2,0\">83 cm<\/span><\/td>\n<\/tr>\n<\/tbody>\n<\/table>\n<hr data-path-to-node=\"4\" \/>\n<p data-path-to-node=\"5\"><b data-path-to-node=\"5\" data-index-in-node=\"0\">Observa\u00e7\u00f5es importantes:<\/b><\/p>\n<ul data-path-to-node=\"6\">\n<li>\n<p data-path-to-node=\"6,0,0\">As pe\u00e7as podem ter altera\u00e7\u00f5es de 2 cm para mais ou para menos em qualquer uma das medidas;<\/p>\n<\/li>\n<li>\n<p data-path-to-node=\"6,1,0\">A LARGURA das pe\u00e7as foi medida logo abaixo da ribana das cavas;<\/p>\n<\/li>\n<li>\n<p data-path-to-node=\"6,2,0\">A ALTURA das pe\u00e7as foi medida na sua maior altura, referente a parte detr\u00e1s da pe\u00e7a da gola at\u00e9 a barra.<\/p>\n<\/li>\n<\/ul>\n","protected":false},"excerpt":{"rendered":"<p>A pe\u00e7a que traduz o <b>foco e a clareza<\/b> do seu acompanhamento. Confeccionada em <b>100% Algod\u00e3o Eg\u00edpcio<\/b>, esta regata alia o conforto premium \u00e0 est\u00e9tica <b>minimalista e <i>clean<\/i><\/b> que combina com qualquer rotina.<\/p>\n","protected":false},"featured_media":657,"template":"","meta":[],"product_brand":[],"product_cat":[17],"product_tag":[26,27,48,28,29],"class_list":{"0":"post-653","1":"product","2":"type-product","3":"status-publish","4":"has-post-thumbnail","6":"product_cat-camisetas","7":"product_tag-camisa","8":"product_tag-camiseta","9":"product_tag-regata","10":"product_tag-shirt","11":"product_tag-team-garin","13":"first","14":"instock","15":"shipping-taxable","16":"purchasable","17":"product-type-variable"},"_links":{"self":[{"href":"https:\/\/teamgarin.com\/store\/wp-json\/wp\/v2\/product\/653","targetHints":{"allow":["GET"]}}],"collection":[{"href":"https:\/\/teamgarin.com\/store\/wp-json\/wp\/v2\/product"}],"about":[{"href":"https:\/\/teamgarin.com\/store\/wp-json\/wp\/v2\/types\/product"}],"wp:featuredmedia":[{"embeddable":true,"href":"https:\/\/teamgarin.com\/store\/wp-json\/wp\/v2\/media\/657"}],"wp:attachment":[{"href":"https:\/\/teamgarin.com\/store\/wp-json\/wp\/v2\/media?parent=653"}],"wp:term":[{"taxonomy":"product_brand","embeddable":true,"href":"https:\/\/teamgarin.com\/store\/wp-json\/wp\/v2\/product_brand?post=653"},{"taxonomy":"product_cat","embeddable":true,"href":"https:\/\/teamgarin.com\/store\/wp-json\/wp\/v2\/product_cat?post=653"},{"taxonomy":"product_tag","embeddable":true,"href":"https:\/\/teamgarin.com\/store\/wp-json\/wp\/v2\/product_tag?post=653"}],"curies":[{"name":"wp","href":"https:\/\/api.w.org\/{rel}","templated":true}]}}