{"id":667,"date":"2026-01-14T15:01:36","date_gmt":"2026-01-14T15:01:36","guid":{"rendered":"https:\/\/teamgarin.com\/store\/?post_type=product&#038;p=667"},"modified":"2026-03-19T14:52:02","modified_gmt":"2026-03-19T14:52:02","slug":"calca-preta-team-garin","status":"publish","type":"product","link":"https:\/\/teamgarin.com\/store\/produto\/calca-preta-team-garin\/","title":{"rendered":"Cal\u00e7a | Preta | Team Garin"},"content":{"rendered":"<h3 data-path-to-node=\"3\">MEDIDAS CAL\u00c7A JOGGER<\/h3>\n<table data-path-to-node=\"4\">\n<thead>\n<tr>\n<td><strong>TAMANHO*<\/strong><\/td>\n<td><strong>COXA CIRCUNFER\u00caNCIA*<\/strong><\/td>\n<td><strong>CINTURA CIRCUNFER\u00caNCIA*<\/strong><\/td>\n<td><strong>ALTURA*<\/strong><\/td>\n<\/tr>\n<\/thead>\n<tbody>\n<tr>\n<td><span data-path-to-node=\"4,1,0,0\"><b data-path-to-node=\"4,1,0,0\" data-index-in-node=\"0\">P<\/b><\/span><\/td>\n<td><span data-path-to-node=\"4,1,1,0\">54 cm<\/span><\/td>\n<td><span data-path-to-node=\"4,1,2,0\">108 cm<\/span><\/td>\n<td><span data-path-to-node=\"4,1,3,0\">99 cm<\/span><\/td>\n<\/tr>\n<tr>\n<td><span data-path-to-node=\"4,2,0,0\"><b data-path-to-node=\"4,2,0,0\" data-index-in-node=\"0\">M<\/b><\/span><\/td>\n<td><span data-path-to-node=\"4,2,1,0\">58 cm<\/span><\/td>\n<td><span data-path-to-node=\"4,2,2,0\">112 cm<\/span><\/td>\n<td><span data-path-to-node=\"4,2,3,0\">101 cm<\/span><\/td>\n<\/tr>\n<tr>\n<td><span data-path-to-node=\"4,3,0,0\"><b data-path-to-node=\"4,3,0,0\" data-index-in-node=\"0\">G<\/b><\/span><\/td>\n<td><span data-path-to-node=\"4,3,1,0\">62 cm<\/span><\/td>\n<td><span data-path-to-node=\"4,3,2,0\">116 cm<\/span><\/td>\n<td><span data-path-to-node=\"4,3,3,0\">103 cm<\/span><\/td>\n<\/tr>\n<tr>\n<td><span data-path-to-node=\"4,4,0,0\"><b data-path-to-node=\"4,4,0,0\" data-index-in-node=\"0\">GG<\/b><\/span><\/td>\n<td><span data-path-to-node=\"4,4,1,0\">66 cm<\/span><\/td>\n<td><span data-path-to-node=\"4,4,2,0\">120 cm<\/span><\/td>\n<td><span data-path-to-node=\"4,4,3,0\">105 cm<\/span><\/td>\n<\/tr>\n<tr>\n<td><span data-path-to-node=\"4,5,0,0\"><b data-path-to-node=\"4,5,0,0\" data-index-in-node=\"0\">G3<\/b><\/span><\/td>\n<td><span data-path-to-node=\"4,5,1,0\">70 cm<\/span><\/td>\n<td><span data-path-to-node=\"4,5,2,0\">124 cm<\/span><\/td>\n<td><span data-path-to-node=\"4,5,3,0\">107 cm<\/span><\/td>\n<\/tr>\n<tr>\n<td><span data-path-to-node=\"4,6,0,0\"><b data-path-to-node=\"4,6,0,0\" data-index-in-node=\"0\">G4<\/b><\/span><\/td>\n<td><span data-path-to-node=\"4,6,1,0\">74 cm<\/span><\/td>\n<td><span data-path-to-node=\"4,6,2,0\">128 cm<\/span><\/td>\n<td><span data-path-to-node=\"4,6,3,0\">109 cm<\/span><\/td>\n<\/tr>\n<\/tbody>\n<\/table>\n<hr data-path-to-node=\"5\" \/>\n<p data-path-to-node=\"6\"><b data-path-to-node=\"6\" data-index-in-node=\"0\">Observa\u00e7\u00f5es importantes:<\/b><\/p>\n<ul data-path-to-node=\"7\">\n<li>\n<p data-path-to-node=\"7,0,0\">*As pe\u00e7as podem ter altera\u00e7\u00f5es de 2 cm para mais ou para menos em qualquer uma das medidas.<\/p>\n<\/li>\n<li>\n<p data-path-to-node=\"7,1,0\">*A CINTURA das pe\u00e7as foi medida <b data-path-to-node=\"7,1,0\" data-index-in-node=\"32\">COM A PE\u00c7A EM SUA ABERTURA M\u00c1XIMA<\/b>, sendo que ela tem o ajuste no el\u00e1stico e\/ou cord\u00e3o.<\/p>\n<\/li>\n<li>\n<p data-path-to-node=\"7,2,0\">*A ALTURA das pe\u00e7as foi medida na sua maior altura, referente a parte <b data-path-to-node=\"7,2,0\" data-index-in-node=\"70\">LATERAL<\/b>.<\/p>\n<\/li>\n<\/ul>\n","protected":false},"excerpt":{"rendered":"<p>Nossas Roupas se diferem das demais, buscamos uma modelagem com caimento incr\u00edvel, que n\u00e3o fica com o aspecto de &#8220;quadrada&#8221; no corpo, evidenciando o shape, aliando o conforto a qualidade.<\/p>\n","protected":false},"featured_media":672,"template":"","meta":[],"product_brand":[],"product_cat":[18],"product_tag":[26,27,28,29],"class_list":{"0":"post-667","1":"product","2":"type-product","3":"status-publish","4":"has-post-thumbnail","6":"product_cat-calcas","7":"product_tag-camisa","8":"product_tag-camiseta","9":"product_tag-shirt","10":"product_tag-team-garin","12":"first","13":"instock","14":"shipping-taxable","15":"purchasable","16":"product-type-variable"},"_links":{"self":[{"href":"https:\/\/teamgarin.com\/store\/wp-json\/wp\/v2\/product\/667","targetHints":{"allow":["GET"]}}],"collection":[{"href":"https:\/\/teamgarin.com\/store\/wp-json\/wp\/v2\/product"}],"about":[{"href":"https:\/\/teamgarin.com\/store\/wp-json\/wp\/v2\/types\/product"}],"wp:featuredmedia":[{"embeddable":true,"href":"https:\/\/teamgarin.com\/store\/wp-json\/wp\/v2\/media\/672"}],"wp:attachment":[{"href":"https:\/\/teamgarin.com\/store\/wp-json\/wp\/v2\/media?parent=667"}],"wp:term":[{"taxonomy":"product_brand","embeddable":true,"href":"https:\/\/teamgarin.com\/store\/wp-json\/wp\/v2\/product_brand?post=667"},{"taxonomy":"product_cat","embeddable":true,"href":"https:\/\/teamgarin.com\/store\/wp-json\/wp\/v2\/product_cat?post=667"},{"taxonomy":"product_tag","embeddable":true,"href":"https:\/\/teamgarin.com\/store\/wp-json\/wp\/v2\/product_tag?post=667"}],"curies":[{"name":"wp","href":"https:\/\/api.w.org\/{rel}","templated":true}]}}