{"id":681,"date":"2026-01-14T15:23:34","date_gmt":"2026-01-14T15:23:34","guid":{"rendered":"https:\/\/teamgarin.com\/store\/?post_type=product&#038;p=681"},"modified":"2026-04-07T03:57:23","modified_gmt":"2026-04-07T03:57:23","slug":"camiseta-oversized-branca","status":"publish","type":"product","link":"https:\/\/teamgarin.com\/store\/produto\/camiseta-oversized-branca\/","title":{"rendered":"Camiseta Oversized | Branca |"},"content":{"rendered":"<h3 data-path-to-node=\"5\">Medidas Camiseta Oversized<\/h3>\n<p data-path-to-node=\"6\">Nossas camisetas buscam uma modelagem com caimento que evidencia o shape, aliando conforto e qualidade.<br \/>\n\u200e \u200e \u200e \u200e<\/p>\n<table data-path-to-node=\"7\">\n<thead>\n<tr>\n<td><strong>TAMANHO*<\/strong><\/td>\n<td><strong>LARGURA*<\/strong><\/td>\n<td><strong>ALTURA*<\/strong><\/td>\n<\/tr>\n<\/thead>\n<tbody>\n<tr>\n<td><span data-path-to-node=\"7,1,0,0\"><b data-path-to-node=\"7,1,0,0\" data-index-in-node=\"0\">PP<\/b><\/span><\/td>\n<td><span data-path-to-node=\"7,1,1,0\">53 cm<\/span><\/td>\n<td><span data-path-to-node=\"7,1,2,0\">74 cm<\/span><\/td>\n<\/tr>\n<tr>\n<td><span data-path-to-node=\"7,2,0,0\"><b data-path-to-node=\"7,2,0,0\" data-index-in-node=\"0\">P<\/b><\/span><\/td>\n<td><span data-path-to-node=\"7,2,1,0\">56 cm<\/span><\/td>\n<td><span data-path-to-node=\"7,2,2,0\">76 cm<\/span><\/td>\n<\/tr>\n<tr>\n<td><span data-path-to-node=\"7,3,0,0\"><b data-path-to-node=\"7,3,0,0\" data-index-in-node=\"0\">M<\/b><\/span><\/td>\n<td><span data-path-to-node=\"7,3,1,0\">59 cm<\/span><\/td>\n<td><span data-path-to-node=\"7,3,2,0\">78 cm<\/span><\/td>\n<\/tr>\n<tr>\n<td><span data-path-to-node=\"7,4,0,0\"><b data-path-to-node=\"7,4,0,0\" data-index-in-node=\"0\">G<\/b><\/span><\/td>\n<td><span data-path-to-node=\"7,4,1,0\">62 cm<\/span><\/td>\n<td><span data-path-to-node=\"7,4,2,0\">80 cm<\/span><\/td>\n<\/tr>\n<tr>\n<td><span data-path-to-node=\"7,5,0,0\"><b data-path-to-node=\"7,5,0,0\" data-index-in-node=\"0\">GG<\/b><\/span><\/td>\n<td><span data-path-to-node=\"7,5,1,0\">65 cm<\/span><\/td>\n<td><span data-path-to-node=\"7,5,2,0\">82 cm<\/span><\/td>\n<\/tr>\n<tr>\n<td><span data-path-to-node=\"7,6,0,0\"><b data-path-to-node=\"7,6,0,0\" data-index-in-node=\"0\">G3<\/b><\/span><\/td>\n<td><span data-path-to-node=\"7,6,1,0\">68 cm<\/span><\/td>\n<td><span data-path-to-node=\"7,6,2,0\">84 cm<\/span><\/td>\n<\/tr>\n<tr>\n<td><span data-path-to-node=\"7,7,0,0\"><b data-path-to-node=\"7,7,0,0\" data-index-in-node=\"0\">G4<\/b><\/span><\/td>\n<td><span data-path-to-node=\"7,7,1,0\">71 cm<\/span><\/td>\n<td><span data-path-to-node=\"7,7,2,0\">86 cm<\/span><\/td>\n<\/tr>\n<\/tbody>\n<\/table>\n<p>&nbsp;<\/p>\n<h3><strong>Tecido<\/strong><\/h3>\n<p>Confeccionada em <b>100% Algod\u00e3o Eg\u00edpcio<\/b>, esta camiseta alia o conforto premium \u00e0 est\u00e9tica <b>minimalista e <i>clean<\/i><\/b> que combina com qualquer rotina.<\/p>\n<p>\u200e<\/p>\n<p>&nbsp;<\/p>\n<hr data-path-to-node=\"8\" \/>\n<p data-path-to-node=\"9\"><b data-path-to-node=\"9\" data-index-in-node=\"0\">Observa\u00e7\u00f5es Importantes:<\/b><\/p>\n<ul data-path-to-node=\"10\">\n<li>\n<p data-path-to-node=\"10,0,0\">As pe\u00e7as podem ter varia\u00e7\u00f5es de <b data-path-to-node=\"10,0,0\" data-index-in-node=\"32\">2 cm<\/b> para mais ou para menos.<\/p>\n<\/li>\n<li>\n<p data-path-to-node=\"10,1,0\"><b data-path-to-node=\"10,1,0\" data-index-in-node=\"0\">Largura<\/b>: Medida abaixo da cava, de manga a manga.<\/p>\n<\/li>\n<li>\n<p data-path-to-node=\"10,2,0\"><b data-path-to-node=\"10,2,0\" data-index-in-node=\"0\">Altura<\/b>: Medida na parte detr\u00e1s, da gola at\u00e9 a barra.<\/p>\n<\/li>\n<\/ul>\n","protected":false},"excerpt":{"rendered":"<p>Nossas camisetas Oversized se diferem das demais, buscamos uma modelagem com caimento incr\u00edvel, que n\u00e3o fica com o aspecto de &#8220;&#8221;quadrada&#8221;&#8221; no corpo, evidenciando o shape, aliando o conforto a qualidade.<\/p>\n","protected":false},"featured_media":686,"template":"","meta":[],"product_brand":[],"product_cat":[17],"product_tag":[26,27,28,29],"class_list":{"0":"post-681","1":"product","2":"type-product","3":"status-publish","4":"has-post-thumbnail","6":"product_cat-camisetas","7":"product_tag-camisa","8":"product_tag-camiseta","9":"product_tag-shirt","10":"product_tag-team-garin","12":"first","13":"instock","14":"shipping-taxable","15":"purchasable","16":"product-type-variable"},"_links":{"self":[{"href":"https:\/\/teamgarin.com\/store\/wp-json\/wp\/v2\/product\/681","targetHints":{"allow":["GET"]}}],"collection":[{"href":"https:\/\/teamgarin.com\/store\/wp-json\/wp\/v2\/product"}],"about":[{"href":"https:\/\/teamgarin.com\/store\/wp-json\/wp\/v2\/types\/product"}],"wp:featuredmedia":[{"embeddable":true,"href":"https:\/\/teamgarin.com\/store\/wp-json\/wp\/v2\/media\/686"}],"wp:attachment":[{"href":"https:\/\/teamgarin.com\/store\/wp-json\/wp\/v2\/media?parent=681"}],"wp:term":[{"taxonomy":"product_brand","embeddable":true,"href":"https:\/\/teamgarin.com\/store\/wp-json\/wp\/v2\/product_brand?post=681"},{"taxonomy":"product_cat","embeddable":true,"href":"https:\/\/teamgarin.com\/store\/wp-json\/wp\/v2\/product_cat?post=681"},{"taxonomy":"product_tag","embeddable":true,"href":"https:\/\/teamgarin.com\/store\/wp-json\/wp\/v2\/product_tag?post=681"}],"curies":[{"name":"wp","href":"https:\/\/api.w.org\/{rel}","templated":true}]}}